{"id":191,"date":"2022-12-28T14:05:48","date_gmt":"2022-12-28T13:05:48","guid":{"rendered":"https:\/\/vej.imux.eu\/?page_id=191"},"modified":"2023-01-02T12:59:44","modified_gmt":"2023-01-02T11:59:44","slug":"spenden","status":"publish","type":"page","link":"https:\/\/www.johanniskirche.org\/?page_id=191","title":{"rendered":"Spenden"},"content":{"rendered":"\n<p>Wir freuen uns \u00fcber jede Spende, die Sie uns zukommen lassen, gleich in welcher H\u00f6he.<br>Bei unseren Veranstaltungen gibt es immer eine M\u00f6glichkeit, uns zu unterst\u00fctzen. <\/p>\n\n\n\n<p>Wenn Sie uns mit einer Spende auf unser Konto helfen m\u00f6chten, nutzen Sie bitte die Bankverbindung <br>Taunussparkasse Oberursel, IBAN-Nr.: DE89 5125 0000 0067 003420.<\/p>\n\n\n\n<p>Durch Bescheinigung des Finanzamts Bad Homburg v. d. H\u00f6he, ist der \u201eVerein zum Erhalt der Johanniskirche e.V.&#8220; , Steuernummer  03 250 94247, Nummer im Vereinsregister: RB VR1976 berechtigt, <\/p>\n\n\n\n<ul class=\"wp-block-list\"><li>f\u00fcr Spenden, die ihr zur Verwendung f\u00fcr die in der Satzung genannten Zwecke zugewendet werden, sowie<\/li><li>f\u00fcr Mitgliedsbeitr\u00e4ge<\/li><\/ul>\n\n\n\n<p>Zuwendungsbest\u00e4tigungen auszustellen.<\/p>\n\n\n\n<p>Vielen Dank!<\/p>\n","protected":false},"excerpt":{"rendered":"<p>Wir freuen uns \u00fcber jede Spende, die Sie uns zukommen lassen, gleich in welcher H\u00f6he.Bei unseren Veranstaltungen gibt es immer eine M\u00f6glichkeit, uns zu unterst\u00fctzen. Wenn Sie uns mit einer Spende auf unser Konto helfen &hellip; <\/p>\n","protected":false},"author":2,"featured_media":0,"parent":0,"menu_order":0,"comment_status":"closed","ping_status":"closed","template":"","meta":{"footnotes":""},"class_list":["post-191","page","type-page","status-publish","hentry"],"_links":{"self":[{"href":"https:\/\/www.johanniskirche.org\/index.php?rest_route=\/wp\/v2\/pages\/191"}],"collection":[{"href":"https:\/\/www.johanniskirche.org\/index.php?rest_route=\/wp\/v2\/pages"}],"about":[{"href":"https:\/\/www.johanniskirche.org\/index.php?rest_route=\/wp\/v2\/types\/page"}],"author":[{"embeddable":true,"href":"https:\/\/www.johanniskirche.org\/index.php?rest_route=\/wp\/v2\/users\/2"}],"replies":[{"embeddable":true,"href":"https:\/\/www.johanniskirche.org\/index.php?rest_route=%2Fwp%2Fv2%2Fcomments&post=191"}],"version-history":[{"count":2,"href":"https:\/\/www.johanniskirche.org\/index.php?rest_route=\/wp\/v2\/pages\/191\/revisions"}],"predecessor-version":[{"id":198,"href":"https:\/\/www.johanniskirche.org\/index.php?rest_route=\/wp\/v2\/pages\/191\/revisions\/198"}],"wp:attachment":[{"href":"https:\/\/www.johanniskirche.org\/index.php?rest_route=%2Fwp%2Fv2%2Fmedia&parent=191"}],"curies":[{"name":"wp","href":"https:\/\/api.w.org\/{rel}","templated":true}]}}