{"id":122,"date":"2022-08-07T22:22:35","date_gmt":"2022-08-07T21:22:35","guid":{"rendered":"https:\/\/vej.imux.eu\/?page_id=122"},"modified":"2022-08-07T22:28:14","modified_gmt":"2022-08-07T21:28:14","slug":"datenschutz","status":"publish","type":"page","link":"https:\/\/www.johanniskirche.org\/?page_id=122","title":{"rendered":"Datenschutz"},"content":{"rendered":"\n<h2 class=\"wp-block-heading\">Hinweise zur Datenverarbeitung im Zusammenhang mit Google Analytics<\/h2>\n\n\n\n<p>Diese Website benutzt Google Analytics, einen Webanalysedienst der Google Ireland Limited. Wenn der Verantwortlicher f\u00fcr die Datenverarbeitung auf dieser Website au\u00dferhalb des Europ\u00e4ischen Wirtschaftsraumes oder der Schweiz sitzt, dann erfolgt die Google Analytics Datenverarbeitung durch Google LLC. Google LLC und Google Ireland Limited werden nachfolgend &#8222;Google&#8220; genannt.<br><br>Google Analytics verwendet sog. &#8222;Cookies&#8220;, Textdateien, die auf dem Computer des Seitenbesuchers gespeichert werden und die eine Analyse der Benutzung der Website durch den Seitenbesucher erm\u00f6glichen. Die durch das Cookie erzeugten Informationen \u00fcber die Benutzung dieser Website durch den Seitenbesucher (einschlie\u00dflich der gek\u00fcrzten IP-Adresse) werden in der Regel an einen Server von Google \u00fcbertragen und dort gespeichert.<br><br>Google Analytics wird ausschlie\u00dflich mit der Erweiterung &#8222;_anonymizeIp()&#8220; auf dieser Website verwendet. Diese Erweiterung stellt eine Anonymisierung der IP-Adresse durch K\u00fcrzung sicher und schlie\u00dft eine direkte Personenbeziehbarkeit aus. Durch die Erweiterung wird die IP-Adresse von Google innerhalb von Mitgliedstaaten der Europ\u00e4ischen Union oder in anderen Vertragsstaaten des Abkommens \u00fcber den Europ\u00e4ischen Wirtschaftsraum zuvor gek\u00fcrzt. Nur in Ausnahmef\u00e4llen wird die volle IP-Adresse an einen Server von Google in den USA \u00fcbertragen und dort gek\u00fcrzt. Die im Rahmen von Google Analytics von dem entsprechenden Browser \u00fcbermittelte IP-Adresse wird nicht mit anderen Daten von Google zusammengef\u00fchrt.<br><br>Im Auftrag des Seitenbetreibers wird Google die anfallenden Informationen benutzen, um die Nutzung der Website auszuwerten, um Reports \u00fcber die Websiteaktivit\u00e4ten zusammenzustellen und um weitere mit der Websitenutzung und der Internetnutzung verbundene Dienstleistungen dem Seitenbetreiber gegen\u00fcber zu erbringen (Art. 6 Abs. 1 lit. f DSGVO). Das berechtigte Interesse an der Datenverarbeitung liegt in der Optimierung dieser Website, der Analyse der Benutzung der Website und der Anpassung der Inhalte. Die Interessen der Nutzer werden durch die Pseudonymisierung hinreichend gewahrt.<br><br>Google LLC. ist nach dem sog. Privacy Shield zertifiziert (Listeneintrag&nbsp;<a href=\"https:\/\/www.privacyshield.gov\/participant?id=a2zt000000001L5AAI\" target=\"_blank\" rel=\"noreferrer noopener\">hier<\/a>) und gew\u00e4hrleistet auf dieser Basis ein angemessenes Datenschutzniveau. Die gesendeten und mit Cookies, Nutzerkennungen (z. B. User-ID) oder Werbe-IDs verkn\u00fcpften Daten werden nach 50 Monaten automatisch gel\u00f6scht. Die L\u00f6schung von Daten, deren Aufbewahrungsdauer erreicht ist, erfolgt automatisch einmal im Monat.<br><br>Die Erfassung durch Google Analytics kann verhindert werden, indem der Seitenbesucher die Cookie-Einstellungen f\u00fcr diese Website anpasst. Der Erfassung und Speicherung der IP-Adresse und der durch Cookies erzeugten Daten kann au\u00dferdem jederzeit mit Wirkung f\u00fcr die Zukunft widersprochen werden. Das entsprechende Browser- Plugin kann unter dem folgenden Link heruntergeladen und installiert werden:&nbsp;<a href=\"http:\/\/tools.google.com\/dlpage\/gaoptout\" target=\"_blank\" rel=\"noreferrer noopener\">https:\/\/tools.google.com\/dlpage\/gaoptout<\/a>.<br><br>Der Seitenbesucher kann die Erfassung durch Google Analytics auf dieser Webseite verhindern, indem er auf folgenden&nbsp;<a href=\"javascript: gaOptOut([&quot;UA-24207326-43&quot;]);\">Link<\/a>&nbsp;klickt. Es wird ein Opt-Out-Cookie gesetzt, der die zuk\u00fcnftige Erfassung der Daten beim Besuch dieser Website verhindert.<br><br>Weitere Informationen zur Datennutzung durch Google, Einstellungs- und Widerspruchsm\u00f6glichkeiten, finden sich in der Datenschutzerkl\u00e4rung von Google (<a href=\"https:\/\/policies.google.com\/privacy\" target=\"_blank\" rel=\"noreferrer noopener\">https:\/\/policies.google.com\/privacy<\/a>) sowie in den Einstellungen f\u00fcr die Darstellung von Werbeeinblendungen durch Google (<a href=\"https:\/\/adssettings.google.com\/authenticated\" target=\"_blank\" rel=\"noreferrer noopener\">https:\/\/adssettings.google.com\/authenticated<\/a>).<\/p>\n\n\n\n<h2 class=\"wp-block-heading\">reCAPTCHA<\/h2>\n\n\n\n<p>Zum Schutz Ihrer Anfragen per Internetformular verwenden wir den Dienst reCAPTCHA des Unternehmens Google LLC (Google). Die Abfrage dient der Unterscheidung, ob die Eingabe durch einen Menschen oder missbr\u00e4uchlich durch automatisierte, maschinelle Verarbeitung erfolgt. Die Abfrage schlie\u00dft den Versand der IP-Adresse und ggf. weiterer von Google f\u00fcr den Dienst reCAPTCHA ben\u00f6tigter Daten an Google ein. Zu diesem Zweck wird Ihre Eingabe an Google \u00fcbermittelt und dort weiter verwendet. Ihre IP-Adresse wird von Google jedoch innerhalb von Mitgliedstaaten der Europ\u00e4ischen Union oder in anderen Vertragsstaaten des Abkommens \u00fcber den Europ\u00e4ischen Wirtschaftsraum zuvor gek\u00fcrzt. Nur in Ausnahmef\u00e4llen wird die volle IP-Adresse an einen Server von Google in den USA \u00fcbertragen und dort gek\u00fcrzt. Im Auftrag des Betreibers dieser Website wird Google diese Informationen benutzen, um Ihre Nutzung dieses Dienstes auszuwerten. Die im Rahmen von reCaptcha von Ihrem Browser \u00fcbermittelte IP-Adresse wird nicht mit anderen Daten von Google zusammengef\u00fchrt. F\u00fcr diese Daten gelten die abweichenden Datenschutzbestimmungen des Unternehmens Google. Weitere Informationen zu den Datenschutzrichtlinien von Google finden Sie unter:&nbsp;<a href=\"https:\/\/policies.google.com\/privacy?hl=de\" target=\"_blank\" rel=\"noreferrer noopener\">https:\/\/policies.google.com\/privacy?hl=de<\/a><\/p>\n","protected":false},"excerpt":{"rendered":"<p>Hinweise zur Datenverarbeitung im Zusammenhang mit Google Analytics Diese Website benutzt Google Analytics, einen Webanalysedienst der Google Ireland Limited. Wenn der Verantwortlicher f\u00fcr die Datenverarbeitung auf dieser Website au\u00dferhalb des Europ\u00e4ischen Wirtschaftsraumes oder der Schweiz &hellip; <\/p>\n","protected":false},"author":3,"featured_media":0,"parent":0,"menu_order":0,"comment_status":"closed","ping_status":"closed","template":"","meta":{"footnotes":""},"class_list":["post-122","page","type-page","status-publish","hentry"],"_links":{"self":[{"href":"https:\/\/www.johanniskirche.org\/index.php?rest_route=\/wp\/v2\/pages\/122"}],"collection":[{"href":"https:\/\/www.johanniskirche.org\/index.php?rest_route=\/wp\/v2\/pages"}],"about":[{"href":"https:\/\/www.johanniskirche.org\/index.php?rest_route=\/wp\/v2\/types\/page"}],"author":[{"embeddable":true,"href":"https:\/\/www.johanniskirche.org\/index.php?rest_route=\/wp\/v2\/users\/3"}],"replies":[{"embeddable":true,"href":"https:\/\/www.johanniskirche.org\/index.php?rest_route=%2Fwp%2Fv2%2Fcomments&post=122"}],"version-history":[{"count":1,"href":"https:\/\/www.johanniskirche.org\/index.php?rest_route=\/wp\/v2\/pages\/122\/revisions"}],"predecessor-version":[{"id":123,"href":"https:\/\/www.johanniskirche.org\/index.php?rest_route=\/wp\/v2\/pages\/122\/revisions\/123"}],"wp:attachment":[{"href":"https:\/\/www.johanniskirche.org\/index.php?rest_route=%2Fwp%2Fv2%2Fmedia&parent=122"}],"curies":[{"name":"wp","href":"https:\/\/api.w.org\/{rel}","templated":true}]}}