{"id":12,"date":"2020-04-12T20:01:17","date_gmt":"2020-04-12T19:01:17","guid":{"rendered":"http:\/\/vej.imux.eu\/?page_id=12"},"modified":"2024-11-11T13:45:25","modified_gmt":"2024-11-11T12:45:25","slug":"kontakt","status":"publish","type":"page","link":"https:\/\/www.johanniskirche.org\/?page_id=12","title":{"rendered":"Kontakt &#038; Anfahrt"},"content":{"rendered":"\n<p>Die Johanniskirche liegt im Ortsteil Wei\u00dfkirchen von Oberursel in der Urselbachstra\u00dfe 59. <\/p>\n\n\n\n<p>Parkm\u00f6glichkeiten gibt es am Wei\u00dfkirchener Friedhof und auf der Wei\u00dfkirchener Bleiche.<\/p>\n\n\n\n<p>Per \u00d6PNV ist die Johanniskirche ca. 15 Minuten zu Fu\u00df entfernt. Mit der U-Bahn U3 nimmt man die Station &#8222;Wei\u00dfkirchen Ost&#8220; und mit der S-Bahn S5 die Station &#8222;Wei\u00dfkirchen\/Steinbach&#8220;. <\/p>\n\n\n\n<figure class=\"wp-block-image size-large is-resized\"><img loading=\"lazy\" decoding=\"async\" width=\"1024\" height=\"738\" src=\"https:\/\/www.johanniskirche.org\/wp-content\/uploads\/2022\/08\/image-1024x738.png\" alt=\"\" class=\"wp-image-144\" style=\"width:803px;height:578px\" srcset=\"https:\/\/www.johanniskirche.org\/wp-content\/uploads\/2022\/08\/image-1024x738.png 1024w, https:\/\/www.johanniskirche.org\/wp-content\/uploads\/2022\/08\/image-300x216.png 300w, https:\/\/www.johanniskirche.org\/wp-content\/uploads\/2022\/08\/image-768x553.png 768w, https:\/\/www.johanniskirche.org\/wp-content\/uploads\/2022\/08\/image-120x85.png 120w, https:\/\/www.johanniskirche.org\/wp-content\/uploads\/2022\/08\/image.png 1048w\" sizes=\"(max-width: 1024px) 100vw, 1024px\" \/><\/figure>\n\n\n\n<p><strong>Kontak<\/strong>t<\/p>\n\n\n\n<p>Vorsitzende : Irmgard Quack<\/p>\n\n\n\n<p>Stv. Vorsitzende: Kersti Rodis<\/p>\n\n\n\n<p>Vereinsregister Bad Homburg VR1976\/1<\/p>\n\n\n\n<p>Mail: <a href=\"mailto:kontakt@johanniskirche.org\">kontakt@johanniskirche.org<\/a><\/p>\n\n\n\n<p><\/p>\n","protected":false},"excerpt":{"rendered":"<p>Die Johanniskirche liegt im Ortsteil Wei\u00dfkirchen von Oberursel in der Urselbachstra\u00dfe 59. Parkm\u00f6glichkeiten gibt es am Wei\u00dfkirchener Friedhof und auf der Wei\u00dfkirchener Bleiche. Per \u00d6PNV ist die Johanniskirche ca. 15 Minuten zu Fu\u00df entfernt. Mit &hellip; <\/p>\n","protected":false},"author":1,"featured_media":0,"parent":0,"menu_order":0,"comment_status":"closed","ping_status":"closed","template":"","meta":{"footnotes":""},"class_list":["post-12","page","type-page","status-publish","hentry"],"_links":{"self":[{"href":"https:\/\/www.johanniskirche.org\/index.php?rest_route=\/wp\/v2\/pages\/12"}],"collection":[{"href":"https:\/\/www.johanniskirche.org\/index.php?rest_route=\/wp\/v2\/pages"}],"about":[{"href":"https:\/\/www.johanniskirche.org\/index.php?rest_route=\/wp\/v2\/types\/page"}],"author":[{"embeddable":true,"href":"https:\/\/www.johanniskirche.org\/index.php?rest_route=\/wp\/v2\/users\/1"}],"replies":[{"embeddable":true,"href":"https:\/\/www.johanniskirche.org\/index.php?rest_route=%2Fwp%2Fv2%2Fcomments&post=12"}],"version-history":[{"count":10,"href":"https:\/\/www.johanniskirche.org\/index.php?rest_route=\/wp\/v2\/pages\/12\/revisions"}],"predecessor-version":[{"id":477,"href":"https:\/\/www.johanniskirche.org\/index.php?rest_route=\/wp\/v2\/pages\/12\/revisions\/477"}],"wp:attachment":[{"href":"https:\/\/www.johanniskirche.org\/index.php?rest_route=%2Fwp%2Fv2%2Fmedia&parent=12"}],"curies":[{"name":"wp","href":"https:\/\/api.w.org\/{rel}","templated":true}]}}