{"id":11,"date":"2020-04-12T20:01:17","date_gmt":"2020-04-12T20:01:17","guid":{"rendered":"http:\/\/vej.imux.eu\/?page_id=11"},"modified":"2024-11-02T11:48:38","modified_gmt":"2024-11-02T10:48:38","slug":"bilder","status":"publish","type":"page","link":"https:\/\/www.johanniskirche.org\/?page_id=11","title":{"rendered":"Bilder"},"content":{"rendered":"\n<figure class=\"wp-block-gallery has-nested-images columns-default is-cropped wp-block-gallery-1 is-layout-flex wp-block-gallery-is-layout-flex\">\n<figure class=\"wp-block-image size-large\"><img loading=\"lazy\" decoding=\"async\" width=\"2048\" height=\"1536\" data-id=\"159\" src=\"http:\/\/www.johanniskirche.org\/wp-content\/uploads\/2022\/08\/vej2.jpg\" alt=\"\" class=\"wp-image-159\" srcset=\"https:\/\/www.johanniskirche.org\/wp-content\/uploads\/2022\/08\/vej2.jpg 2048w, https:\/\/www.johanniskirche.org\/wp-content\/uploads\/2022\/08\/vej2-300x225.jpg 300w, https:\/\/www.johanniskirche.org\/wp-content\/uploads\/2022\/08\/vej2-1024x768.jpg 1024w, https:\/\/www.johanniskirche.org\/wp-content\/uploads\/2022\/08\/vej2-768x576.jpg 768w, https:\/\/www.johanniskirche.org\/wp-content\/uploads\/2022\/08\/vej2-1536x1152.jpg 1536w\" sizes=\"(max-width: 2048px) 100vw, 2048px\" \/><figcaption class=\"wp-element-caption\">50j\u00e4hriges Jubil\u00e4um des Vereinsrings Wei\u00dfkirchen<\/figcaption><\/figure>\n\n\n\n<figure class=\"wp-block-image size-large\"><img loading=\"lazy\" decoding=\"async\" width=\"1920\" height=\"2560\" data-id=\"158\" src=\"http:\/\/www.johanniskirche.org\/wp-content\/uploads\/2022\/08\/vej1-scaled.jpg\" alt=\"\" class=\"wp-image-158\" srcset=\"https:\/\/www.johanniskirche.org\/wp-content\/uploads\/2022\/08\/vej1-scaled.jpg 1920w, https:\/\/www.johanniskirche.org\/wp-content\/uploads\/2022\/08\/vej1-225x300.jpg 225w, https:\/\/www.johanniskirche.org\/wp-content\/uploads\/2022\/08\/vej1-768x1024.jpg 768w, https:\/\/www.johanniskirche.org\/wp-content\/uploads\/2022\/08\/vej1-1152x1536.jpg 1152w, https:\/\/www.johanniskirche.org\/wp-content\/uploads\/2022\/08\/vej1-1536x2048.jpg 1536w\" sizes=\"(max-width: 1920px) 100vw, 1920px\" \/><figcaption class=\"wp-element-caption\">50j\u00e4hriges Jubil\u00e4um des Vereinsrings Wei\u00dfkirchen<\/figcaption><\/figure>\n\n\n\n<figure class=\"wp-block-image size-large\"><img loading=\"lazy\" decoding=\"async\" width=\"697\" height=\"354\" data-id=\"150\" src=\"http:\/\/www.johanniskirche.org\/wp-content\/uploads\/2022\/08\/vej-becker.jpg\" alt=\"\" class=\"wp-image-150\" srcset=\"https:\/\/www.johanniskirche.org\/wp-content\/uploads\/2022\/08\/vej-becker.jpg 697w, https:\/\/www.johanniskirche.org\/wp-content\/uploads\/2022\/08\/vej-becker-300x152.jpg 300w\" sizes=\"(max-width: 697px) 100vw, 697px\" \/><figcaption class=\"wp-element-caption\">Bild von Klaus Becker aus einer Ausstellung in der Johanniskirche<\/figcaption><\/figure>\n\n\n\n<figure class=\"wp-block-image size-large\"><img loading=\"lazy\" decoding=\"async\" width=\"960\" height=\"500\" data-id=\"39\" src=\"http:\/\/www.johanniskirche.org\/wp-content\/uploads\/2021\/09\/titelbild.jpg\" alt=\"\" class=\"wp-image-39\" srcset=\"https:\/\/www.johanniskirche.org\/wp-content\/uploads\/2021\/09\/titelbild.jpg 960w, https:\/\/www.johanniskirche.org\/wp-content\/uploads\/2021\/09\/titelbild-300x156.jpg 300w, https:\/\/www.johanniskirche.org\/wp-content\/uploads\/2021\/09\/titelbild-768x400.jpg 768w, https:\/\/www.johanniskirche.org\/wp-content\/uploads\/2021\/09\/titelbild-500x260.jpg 500w\" sizes=\"(max-width: 960px) 100vw, 960px\" \/><figcaption class=\"wp-element-caption\">Sommerliches Bild der Johanniskirchenruine<\/figcaption><\/figure>\n\n\n\n<figure class=\"wp-block-image size-large\"><img loading=\"lazy\" decoding=\"async\" width=\"2000\" height=\"1199\" data-id=\"30\" src=\"http:\/\/www.johanniskirche.org\/wp-content\/uploads\/2020\/04\/cropped-Kirche-im-Schnee.jpg\" alt=\"\" class=\"wp-image-30\" srcset=\"https:\/\/www.johanniskirche.org\/wp-content\/uploads\/2020\/04\/cropped-Kirche-im-Schnee.jpg 2000w, https:\/\/www.johanniskirche.org\/wp-content\/uploads\/2020\/04\/cropped-Kirche-im-Schnee-300x180.jpg 300w, https:\/\/www.johanniskirche.org\/wp-content\/uploads\/2020\/04\/cropped-Kirche-im-Schnee-1024x614.jpg 1024w, https:\/\/www.johanniskirche.org\/wp-content\/uploads\/2020\/04\/cropped-Kirche-im-Schnee-768x460.jpg 768w, https:\/\/www.johanniskirche.org\/wp-content\/uploads\/2020\/04\/cropped-Kirche-im-Schnee-1536x921.jpg 1536w\" sizes=\"(max-width: 2000px) 100vw, 2000px\" \/><figcaption class=\"wp-element-caption\">Die Ruine im Winter &#8211;  ein seltenes Bild!<\/figcaption><\/figure>\n\n\n\n<figure class=\"wp-block-image size-large\"><img loading=\"lazy\" decoding=\"async\" width=\"1060\" height=\"745\" data-id=\"29\" src=\"http:\/\/www.johanniskirche.org\/wp-content\/uploads\/2020\/04\/jk-1967.jpg\" alt=\"\" class=\"wp-image-29\" srcset=\"https:\/\/www.johanniskirche.org\/wp-content\/uploads\/2020\/04\/jk-1967.jpg 1060w, https:\/\/www.johanniskirche.org\/wp-content\/uploads\/2020\/04\/jk-1967-300x211.jpg 300w, https:\/\/www.johanniskirche.org\/wp-content\/uploads\/2020\/04\/jk-1967-1024x720.jpg 1024w, https:\/\/www.johanniskirche.org\/wp-content\/uploads\/2020\/04\/jk-1967-768x540.jpg 768w\" sizes=\"(max-width: 1060px) 100vw, 1060px\" \/><figcaption class=\"wp-element-caption\">Die Johanniskirche in den sechziger Jahren des 20. Jahrhunderts<\/figcaption><\/figure>\n<\/figure>\n\n\n\n<p><\/p>\n","protected":false},"excerpt":{"rendered":"","protected":false},"author":1,"featured_media":0,"parent":0,"menu_order":0,"comment_status":"closed","ping_status":"closed","template":"","meta":{"footnotes":""},"class_list":["post-11","page","type-page","status-publish","hentry"],"_links":{"self":[{"href":"https:\/\/www.johanniskirche.org\/index.php?rest_route=\/wp\/v2\/pages\/11"}],"collection":[{"href":"https:\/\/www.johanniskirche.org\/index.php?rest_route=\/wp\/v2\/pages"}],"about":[{"href":"https:\/\/www.johanniskirche.org\/index.php?rest_route=\/wp\/v2\/types\/page"}],"author":[{"embeddable":true,"href":"https:\/\/www.johanniskirche.org\/index.php?rest_route=\/wp\/v2\/users\/1"}],"replies":[{"embeddable":true,"href":"https:\/\/www.johanniskirche.org\/index.php?rest_route=%2Fwp%2Fv2%2Fcomments&post=11"}],"version-history":[{"count":7,"href":"https:\/\/www.johanniskirche.org\/index.php?rest_route=\/wp\/v2\/pages\/11\/revisions"}],"predecessor-version":[{"id":466,"href":"https:\/\/www.johanniskirche.org\/index.php?rest_route=\/wp\/v2\/pages\/11\/revisions\/466"}],"wp:attachment":[{"href":"https:\/\/www.johanniskirche.org\/index.php?rest_route=%2Fwp%2Fv2%2Fmedia&parent=11"}],"curies":[{"name":"wp","href":"https:\/\/api.w.org\/{rel}","templated":true}]}}